{"id":8101,"date":"2025-01-20T17:19:06","date_gmt":"2025-01-20T16:19:06","guid":{"rendered":"https:\/\/ancientskin.de\/?page_id=8101"},"modified":"2026-01-14T20:31:16","modified_gmt":"2026-01-14T19:31:16","slug":"events","status":"publish","type":"page","link":"https:\/\/ancientskin.com\/en\/events\/","title":{"rendered":"Events"},"content":{"rendered":"<div data-elementor-type=\"wp-page\" data-elementor-id=\"8101\" class=\"elementor elementor-8101\" data-elementor-post-type=\"page\">\n\t\t\t\t\t\t<section class=\"elementor-section elementor-top-section elementor-element elementor-element-018f469 elementor-section-boxed elementor-section-height-default elementor-section-height-default\" data-id=\"018f469\" data-element_type=\"section\" data-e-type=\"section\">\n\t\t\t\t\t\t<div class=\"elementor-container elementor-column-gap-no\">\n\t\t\t\t\t<div class=\"elementor-column elementor-col-100 elementor-top-column elementor-element elementor-element-6cc90f2\" data-id=\"6cc90f2\" data-element_type=\"column\" data-e-type=\"column\">\n\t\t\t<div class=\"elementor-widget-wrap elementor-element-populated\">\n\t\t\t\t\t\t<div class=\"elementor-element elementor-element-25eacff elementor-absolute elementor-widget elementor-widget-heading\" data-id=\"25eacff\" data-element_type=\"widget\" data-e-type=\"widget\" data-settings=\"{&quot;_position&quot;:&quot;absolute&quot;}\" data-widget_type=\"heading.default\">\n\t\t\t\t<div class=\"elementor-widget-container\">\n\t\t\t\t\t<span class=\"elementor-heading-title elementor-size-default\">NORDIC EVENTS<\/span>\t\t\t\t<\/div>\n\t\t\t\t<\/div>\n\t\t\t\t<div class=\"elementor-element elementor-element-f9a3766 elementor-invisible elementor-widget elementor-widget-heading\" data-id=\"f9a3766\" data-element_type=\"widget\" data-e-type=\"widget\" data-settings=\"{&quot;_animation&quot;:&quot;fadeInDown&quot;}\" data-widget_type=\"heading.default\">\n\t\t\t\t<div class=\"elementor-widget-container\">\n\t\t\t\t\t<h6 class=\"elementor-heading-title elementor-size-default\">Ancientskin Nordic Handpoke Tattoo Events<\/h6>\t\t\t\t<\/div>\n\t\t\t\t<\/div>\n\t\t\t\t<div class=\"elementor-element elementor-element-b2013bb elementor-widget elementor-widget-heading\" data-id=\"b2013bb\" data-element_type=\"widget\" data-e-type=\"widget\" data-widget_type=\"heading.default\">\n\t\t\t\t<div class=\"elementor-widget-container\">\n\t\t\t\t\t<h2 class=\"elementor-heading-title elementor-size-default\">Events by Ancientskin<\/h2>\t\t\t\t<\/div>\n\t\t\t\t<\/div>\n\t\t\t\t<div class=\"elementor-element elementor-element-072a68b elementor-widget elementor-widget-text-editor\" data-id=\"072a68b\" data-element_type=\"widget\" data-e-type=\"widget\" data-widget_type=\"text-editor.default\">\n\t\t\t\t<div class=\"elementor-widget-container\">\n\t\t\t\t\t\t\t\t\t<p>Ein Gro\u00dfteil der Inspiration unserer Motive im nordischen Stil, finden wir in Artefakten und weiteren erhaltenen Kunstformen aus der Wikinger- und Bronzezeit, sowie anderen traditionell\u00a0<span style=\"letter-spacing: -0.45px;\">nordischen\u00a0<\/span><span style=\"font-size: inherit; text-align: inherit; letter-spacing: -0.45px;\">\u00dcberlieferungen aus unterschiedlichen Zeitepochen. Beispielsweise das \u201eHuld manuscript\u201c aus Island von 1847, aus dem das weit verbreitete \u201eVegvisir\u201c und andere magische Symbole stammen, die wir heute kennen. Das Wikingerzeitalter umfasst knapp 300 Jahre. In diesem Zeitraum entwickelten sich diverse Kunststile die wir heute in unterschiedliche Kategorien einordnen: Broa, Borre, Jelling, Mammen, Ringerike und Urnes-Stil. Alle Stile haben ihre ganz eigene \u00c4sthetik und folgen einer sehr genauen stilistische Vorgabe. Die nordische T\u00e4towierungen k\u00f6nnen sich an diesen Stilen orientieren. Im folgenden eine \u00dcbersicht \u00fcber die Wikingerzeitlichen Kunstepochen.<\/span><\/p>\t\t\t\t\t\t\t\t<\/div>\n\t\t\t\t<\/div>\n\t\t\t\t\t<\/div>\n\t\t<\/div>\n\t\t\t\t\t<\/div>\n\t\t<\/section>\n\t\t\t\t<section class=\"elementor-section elementor-top-section elementor-element elementor-element-2227497 elementor-section-full_width elementor-section-content-middle elementor-section-height-default elementor-section-height-default\" data-id=\"2227497\" data-element_type=\"section\" data-e-type=\"section\" data-settings=\"{&quot;background_background&quot;:&quot;slideshow&quot;,&quot;background_slideshow_gallery&quot;:[],&quot;background_slideshow_loop&quot;:&quot;yes&quot;,&quot;background_slideshow_slide_duration&quot;:5000,&quot;background_slideshow_slide_transition&quot;:&quot;fade&quot;,&quot;background_slideshow_transition_duration&quot;:500}\">\n\t\t\t\t\t\t\t<div class=\"elementor-background-overlay\"><\/div>\n\t\t\t\t\t\t\t<div class=\"elementor-container elementor-column-gap-no\">\n\t\t\t\t\t<div class=\"elementor-column elementor-col-50 elementor-top-column elementor-element elementor-element-8f7ca57\" data-id=\"8f7ca57\" data-element_type=\"column\" data-e-type=\"column\" data-settings=\"{&quot;background_background&quot;:&quot;classic&quot;}\">\n\t\t\t<div class=\"elementor-widget-wrap elementor-element-populated\">\n\t\t\t\t\t<div class=\"elementor-background-overlay\"><\/div>\n\t\t\t\t\t\t<div class=\"elementor-element elementor-element-c520c8d elementor-widget elementor-widget-image\" data-id=\"c520c8d\" data-element_type=\"widget\" data-e-type=\"widget\" data-widget_type=\"image.default\">\n\t\t\t\t<div class=\"elementor-widget-container\">\n\t\t\t\t\t\t\t\t\t\t\t\t\t\t\t<img fetchpriority=\"high\" decoding=\"async\" width=\"576\" height=\"1024\" src=\"https:\/\/ancientskin.com\/wp-content\/uploads\/2024\/08\/Gloedgang-feuerlauf-9x16-1-576x1024.png\" class=\"attachment-large size-large wp-image-8029\" alt=\"Gl\u00f6dgang - Feuerlauf und Traditionelles T\u00e4towieren - Ein Archaisches Event im Westerwald von Wildnistage und Ancientskin\" srcset=\"https:\/\/ancientskin.com\/wp-content\/uploads\/2024\/08\/Gloedgang-feuerlauf-9x16-1-576x1024.png 576w, https:\/\/ancientskin.com\/wp-content\/uploads\/2024\/08\/Gloedgang-feuerlauf-9x16-1-169x300.png 169w, https:\/\/ancientskin.com\/wp-content\/uploads\/2024\/08\/Gloedgang-feuerlauf-9x16-1-768x1365.png 768w, https:\/\/ancientskin.com\/wp-content\/uploads\/2024\/08\/Gloedgang-feuerlauf-9x16-1-864x1536.png 864w, https:\/\/ancientskin.com\/wp-content\/uploads\/2024\/08\/Gloedgang-feuerlauf-9x16-1.png 900w\" sizes=\"(max-width: 576px) 100vw, 576px\" \/>\t\t\t\t\t\t\t\t\t\t\t\t\t\t\t<\/div>\n\t\t\t\t<\/div>\n\t\t\t\t\t<\/div>\n\t\t<\/div>\n\t\t\t\t<div class=\"elementor-column elementor-col-50 elementor-top-column elementor-element elementor-element-a6e905d\" data-id=\"a6e905d\" data-element_type=\"column\" data-e-type=\"column\">\n\t\t\t<div class=\"elementor-widget-wrap elementor-element-populated\">\n\t\t\t\t\t\t<div class=\"elementor-element elementor-element-5c78927 elementor-widget elementor-widget-text-editor\" data-id=\"5c78927\" data-element_type=\"widget\" data-e-type=\"widget\" data-widget_type=\"text-editor.default\">\n\t\t\t\t<div class=\"elementor-widget-container\">\n\t\t\t\t\t\t\t\t\t<h1>Gl\u00f6dgang \u2013 Feuerlauf &amp; Traditionelles T\u00e4towieren<\/h1>\t\t\t\t\t\t\t\t<\/div>\n\t\t\t\t<\/div>\n\t\t\t\t<div class=\"elementor-element elementor-element-77b7e51 elementor-widget elementor-widget-text-editor\" data-id=\"77b7e51\" data-element_type=\"widget\" data-e-type=\"widget\" data-widget_type=\"text-editor.default\">\n\t\t\t\t<div class=\"elementor-widget-container\">\n\t\t\t\t\t\t\t\t\t<p><span style=\"color: #262626; font-family: -apple-system, system-ui, 'Segoe UI', Roboto, Helvetica, Arial, sans-serif; font-size: 14px; font-weight: 400; letter-spacing: normal;\">A vegv\u00edsir (Icelandic for kind of wayfinder) is an Icelandic magical stave intended to help the bearer find their way through rough weather. Whatever and wherever your metaphoric rough weather will be. A very powerful and well-known symbol. It is attested in the Huld Manuscript, collected in Iceland by Geir Vigfusson in 1880 (but consisting of material of earlier origin).<\/span><\/p><p><span style=\"color: #262626; font-family: -apple-system, system-ui, Segoe UI, Roboto, Helvetica, Arial, sans-serif;\"><span style=\"font-size: 14px; font-weight: 400; letter-spacing: normal;\">The original Vegvisir from page 56 from the icelandic \u2018<\/span><\/span><a href=\"https:\/\/handrit.is\/manuscript\/view\/is\/IB04-0383\/55?iabr=on#page\/26v\/mode\/2up\" target=\"_blank\" rel=\"noopener\">Huld Manuscript<\/a>\u2018<span style=\"color: #262626; font-family: -apple-system, system-ui, Segoe UI, Roboto, Helvetica, Arial, sans-serif;\"><span style=\"font-size: 14px; font-weight: 400; letter-spacing: normal;\">. It is\u00a0<\/span><\/span><span style=\"text-align: inherit; font-size: 14px; font-weight: 400; letter-spacing: normal;\"><span style=\"color: #262626; font-family: -apple-system, system-ui, Segoe UI, Roboto, Helvetica, Arial, sans-serif;\">also known as the \u2018Dark Manuscript\u2018. This book of Icelandic magical staves, sigils and charms was written and collected by Geir Vigf\u00fassyni \u00e1 Akureyri in 1847 from three other manuscripts.<\/span><\/span><\/p><p><span style=\"color: #262626; font-family: -apple-system, system-ui, Segoe UI, Roboto, Helvetica, Arial, sans-serif;\"><span style=\"font-size: 14px; font-weight: 400; letter-spacing: normal;\">Of the three manuscripts used in compiling the Huld manuscript we know that one of them was written in Seltjarnarnesi of 1810.<\/span><\/span><\/p><p><span style=\"color: #444444; font-family: 'Helvetica Neue', HelveticaNeue, Arial, sans-serif; font-size: 15px; font-weight: 400; letter-spacing: normal;\">Link to the full-manuscript:\u00a0<\/span><a style=\"letter-spacing: -0.27px;\" href=\"https:\/\/handrit.is\/manuscript\/view\/is\/IB04-0383\/55?iabr=on#page\/26v\/mode\/2up\" target=\"_blank\" rel=\"noopener\">handrit.is<\/a><br \/><span style=\"font-size: 14px; font-weight: 400; letter-spacing: normal; color: #262626; font-family: -apple-system, system-ui, 'Segoe UI', Roboto, Helvetica, Arial, sans-serif; text-align: inherit;\">Vegvisir-Earrings in our Shop: <\/span><a style=\"font-size: 14px; font-weight: 400; letter-spacing: normal; text-align: inherit;\" href=\"https:\/\/shop.ancientskin.com\/en\/collections\/nordic-viking-jewellery\/products\/vegvisir-earrings-large-nordictattoo\" target=\"_blank\" rel=\"noopener\">shop.ancientskin.com<\/a><\/p>\t\t\t\t\t\t\t\t<\/div>\n\t\t\t\t<\/div>\n\t\t\t\t<div class=\"elementor-element elementor-element-7796d8b elementor-widget elementor-widget-text-editor\" data-id=\"7796d8b\" data-element_type=\"widget\" data-e-type=\"widget\" data-widget_type=\"text-editor.default\">\n\t\t\t\t<div class=\"elementor-widget-container\">\n\t\t\t\t\t\t\t\t\t<p><strong>Image:<\/strong> <a href=\"https:\/\/handrit.is\/manuscript\/view\/is\/IB04-0383\/55?iabr=on#page\/26v\/mode\/2up\" target=\"_blank\" rel=\"noopener\">https:\/\/handrit.is\/manuscript\/view\/is\/IB04-0383\/55?iabr=on#page\/26v\/mode\/2up<\/a><\/p><p><strong>Text-Quelle: <\/strong><\/p>\t\t\t\t\t\t\t\t<\/div>\n\t\t\t\t<\/div>\n\t\t\t\t\t<\/div>\n\t\t<\/div>\n\t\t\t\t\t<\/div>\n\t\t<\/section>\n\t\t\t\t<\/div>","protected":false},"excerpt":{"rendered":"<p>NORDIC EVENTS Ancientskin Nordic Handpoke Tattoo Events Events by Ancientskin Ein Gro\u00dfteil der Inspiration unserer Motive im nordischen Stil, finden wir in Artefakten und weiteren erhaltenen Kunstformen aus der Wikinger- und Bronzezeit, sowie anderen traditionell\u00a0nordischen\u00a0\u00dcberlieferungen aus unterschiedlichen Zeitepochen. Beispielsweise das \u201eHuld manuscript\u201c aus Island von 1847, aus dem das weit verbreitete \u201eVegvisir\u201c und andere magische [&hellip;]<\/p>\n","protected":false},"author":1,"featured_media":0,"parent":0,"menu_order":3,"comment_status":"closed","ping_status":"closed","template":"elementor_header_footer","meta":{"_acf_changed":false,"footnotes":""},"class_list":["post-8101","page","type-page","status-publish","hentry"],"acf":[],"yoast_head":"<!-- This site is optimized with the Yoast SEO plugin v27.4 - https:\/\/yoast.com\/product\/yoast-seo-wordpress\/ -->\n<title>Events | Ancientskin<\/title>\n<meta name=\"description\" content=\"ANCIENTSKIN: Nordic Tattoo Studio in V\u00e4stra G\u00f6taland, Sweden and Germany. Nordic Art rooted in nordic culture, ritual, symbolism &amp; ancient tradition | Handpoke &amp; Machine Tattoos.\" \/>\n<meta name=\"robots\" content=\"index, follow, max-snippet:-1, max-image-preview:large, max-video-preview:-1\" \/>\n<link rel=\"canonical\" href=\"https:\/\/ancientskin.com\/en\/events\/\" \/>\n<meta property=\"og:locale\" content=\"en_GB\" \/>\n<meta property=\"og:type\" content=\"article\" \/>\n<meta property=\"og:title\" content=\"Events | Ancientskin\" \/>\n<meta property=\"og:description\" content=\"ANCIENTSKIN: Nordic Tattoo Studio in V\u00e4stra G\u00f6taland, Sweden and Germany. Nordic Art rooted in nordic culture, ritual, symbolism &amp; ancient tradition | Handpoke &amp; Machine Tattoos.\" \/>\n<meta property=\"og:url\" content=\"https:\/\/ancientskin.com\/en\/events\/\" \/>\n<meta property=\"og:site_name\" content=\"Ancientskin\" \/>\n<meta property=\"article:publisher\" content=\"https:\/\/facebook.com\/ancientskin.tattoo\" \/>\n<meta property=\"article:modified_time\" content=\"2026-01-14T19:31:16+00:00\" \/>\n<meta property=\"og:image\" content=\"https:\/\/ancientskin.com\/wp-content\/uploads\/2024\/08\/Gloedgang-feuerlauf-9x16-1-576x1024.png\" \/>\n<meta name=\"twitter:card\" content=\"summary_large_image\" \/>\n<meta name=\"twitter:label1\" content=\"Estimated reading time\" \/>\n\t<meta name=\"twitter:data1\" content=\"1 minute\" \/>\n<script type=\"application\/ld+json\" class=\"yoast-schema-graph\">{\"@context\":\"https:\\\/\\\/schema.org\",\"@graph\":[{\"@type\":\"WebPage\",\"@id\":\"https:\\\/\\\/ancientskin.com\\\/events\\\/\",\"url\":\"https:\\\/\\\/ancientskin.com\\\/events\\\/\",\"name\":\"Events | Ancientskin\",\"isPartOf\":{\"@id\":\"https:\\\/\\\/ancientskin.com\\\/#website\"},\"primaryImageOfPage\":{\"@id\":\"https:\\\/\\\/ancientskin.com\\\/events\\\/#primaryimage\"},\"image\":{\"@id\":\"https:\\\/\\\/ancientskin.com\\\/events\\\/#primaryimage\"},\"thumbnailUrl\":\"https:\\\/\\\/ancientskin.com\\\/wp-content\\\/uploads\\\/2024\\\/08\\\/Gloedgang-feuerlauf-9x16-1-576x1024.png\",\"datePublished\":\"2025-01-20T16:19:06+00:00\",\"dateModified\":\"2026-01-14T19:31:16+00:00\",\"description\":\"ANCIENTSKIN: Nordic Tattoo Studio in V\u00e4stra G\u00f6taland, Sweden and Germany. Nordic Art rooted in nordic culture, ritual, symbolism & ancient tradition | Handpoke & Machine Tattoos.\",\"breadcrumb\":{\"@id\":\"https:\\\/\\\/ancientskin.com\\\/events\\\/#breadcrumb\"},\"inLanguage\":\"en-GB\",\"potentialAction\":[{\"@type\":\"ReadAction\",\"target\":[\"https:\\\/\\\/ancientskin.com\\\/events\\\/\"]}]},{\"@type\":\"ImageObject\",\"inLanguage\":\"en-GB\",\"@id\":\"https:\\\/\\\/ancientskin.com\\\/events\\\/#primaryimage\",\"url\":\"https:\\\/\\\/ancientskin.com\\\/wp-content\\\/uploads\\\/2024\\\/08\\\/Gloedgang-feuerlauf-9x16-1-576x1024.png\",\"contentUrl\":\"https:\\\/\\\/ancientskin.com\\\/wp-content\\\/uploads\\\/2024\\\/08\\\/Gloedgang-feuerlauf-9x16-1-576x1024.png\"},{\"@type\":\"BreadcrumbList\",\"@id\":\"https:\\\/\\\/ancientskin.com\\\/events\\\/#breadcrumb\",\"itemListElement\":[{\"@type\":\"ListItem\",\"position\":1,\"name\":\"Ancientskin\",\"item\":\"https:\\\/\\\/ancientskin.com\\\/\"},{\"@type\":\"ListItem\",\"position\":2,\"name\":\"Events\"}]},{\"@type\":\"WebSite\",\"@id\":\"https:\\\/\\\/ancientskin.com\\\/#website\",\"url\":\"https:\\\/\\\/ancientskin.com\\\/\",\"name\":\"Ancientskin\",\"description\":\"Nordic Tattoo Sweden and Germany\",\"publisher\":{\"@id\":\"https:\\\/\\\/ancientskin.com\\\/#organization\"},\"alternateName\":\"Nordic Tattoo Sweden and Germany\",\"potentialAction\":[{\"@type\":\"SearchAction\",\"target\":{\"@type\":\"EntryPoint\",\"urlTemplate\":\"https:\\\/\\\/ancientskin.com\\\/?s={search_term_string}\"},\"query-input\":{\"@type\":\"PropertyValueSpecification\",\"valueRequired\":true,\"valueName\":\"search_term_string\"}}],\"inLanguage\":\"en-GB\"},{\"@type\":\"Organization\",\"@id\":\"https:\\\/\\\/ancientskin.com\\\/#organization\",\"name\":\"Ancientskin - Nordic Tattoo Sweden and Germany\",\"alternateName\":\"Nordic Tattoo Sweden and Germany\",\"url\":\"https:\\\/\\\/ancientskin.com\\\/\",\"logo\":{\"@type\":\"ImageObject\",\"inLanguage\":\"en-GB\",\"@id\":\"https:\\\/\\\/ancientskin.com\\\/#\\\/schema\\\/logo\\\/image\\\/\",\"url\":\"https:\\\/\\\/ancientskin.com\\\/wp-content\\\/uploads\\\/2020\\\/05\\\/ancientskin.png\",\"contentUrl\":\"https:\\\/\\\/ancientskin.com\\\/wp-content\\\/uploads\\\/2020\\\/05\\\/ancientskin.png\",\"width\":106,\"height\":122,\"caption\":\"Ancientskin - Nordic Tattoo Sweden and Germany\"},\"image\":{\"@id\":\"https:\\\/\\\/ancientskin.com\\\/#\\\/schema\\\/logo\\\/image\\\/\"},\"sameAs\":[\"https:\\\/\\\/facebook.com\\\/ancientskin.tattoo\",\"https:\\\/\\\/instagram.com\\\/ancientskin.tattoo\",\"https:\\\/\\\/www.pinterest.de\\\/ancientskin\",\"https:\\\/\\\/www.youtube.com\\\/@ancientskin.tattoo\"]}]}<\/script>\n<!-- \/ Yoast SEO plugin. -->","yoast_head_json":{"title":"Events | Ancientskin","description":"ANCIENTSKIN: Nordic Tattoo Studio in V\u00e4stra G\u00f6taland, Sweden and Germany. Nordic Art rooted in nordic culture, ritual, symbolism & ancient tradition | Handpoke & Machine Tattoos.","robots":{"index":"index","follow":"follow","max-snippet":"max-snippet:-1","max-image-preview":"max-image-preview:large","max-video-preview":"max-video-preview:-1"},"canonical":"https:\/\/ancientskin.com\/en\/events\/","og_locale":"en_GB","og_type":"article","og_title":"Events | Ancientskin","og_description":"ANCIENTSKIN: Nordic Tattoo Studio in V\u00e4stra G\u00f6taland, Sweden and Germany. Nordic Art rooted in nordic culture, ritual, symbolism & ancient tradition | Handpoke & Machine Tattoos.","og_url":"https:\/\/ancientskin.com\/en\/events\/","og_site_name":"Ancientskin","article_publisher":"https:\/\/facebook.com\/ancientskin.tattoo","article_modified_time":"2026-01-14T19:31:16+00:00","og_image":[{"url":"https:\/\/ancientskin.com\/wp-content\/uploads\/2024\/08\/Gloedgang-feuerlauf-9x16-1-576x1024.png","type":"","width":"","height":""}],"twitter_card":"summary_large_image","twitter_misc":{"Estimated reading time":"1 minute"},"schema":{"@context":"https:\/\/schema.org","@graph":[{"@type":"WebPage","@id":"https:\/\/ancientskin.com\/events\/","url":"https:\/\/ancientskin.com\/events\/","name":"Events | Ancientskin","isPartOf":{"@id":"https:\/\/ancientskin.com\/#website"},"primaryImageOfPage":{"@id":"https:\/\/ancientskin.com\/events\/#primaryimage"},"image":{"@id":"https:\/\/ancientskin.com\/events\/#primaryimage"},"thumbnailUrl":"https:\/\/ancientskin.com\/wp-content\/uploads\/2024\/08\/Gloedgang-feuerlauf-9x16-1-576x1024.png","datePublished":"2025-01-20T16:19:06+00:00","dateModified":"2026-01-14T19:31:16+00:00","description":"ANCIENTSKIN: Nordic Tattoo Studio in V\u00e4stra G\u00f6taland, Sweden and Germany. Nordic Art rooted in nordic culture, ritual, symbolism & ancient tradition | Handpoke & Machine Tattoos.","breadcrumb":{"@id":"https:\/\/ancientskin.com\/events\/#breadcrumb"},"inLanguage":"en-GB","potentialAction":[{"@type":"ReadAction","target":["https:\/\/ancientskin.com\/events\/"]}]},{"@type":"ImageObject","inLanguage":"en-GB","@id":"https:\/\/ancientskin.com\/events\/#primaryimage","url":"https:\/\/ancientskin.com\/wp-content\/uploads\/2024\/08\/Gloedgang-feuerlauf-9x16-1-576x1024.png","contentUrl":"https:\/\/ancientskin.com\/wp-content\/uploads\/2024\/08\/Gloedgang-feuerlauf-9x16-1-576x1024.png"},{"@type":"BreadcrumbList","@id":"https:\/\/ancientskin.com\/events\/#breadcrumb","itemListElement":[{"@type":"ListItem","position":1,"name":"Ancientskin","item":"https:\/\/ancientskin.com\/"},{"@type":"ListItem","position":2,"name":"Events"}]},{"@type":"WebSite","@id":"https:\/\/ancientskin.com\/#website","url":"https:\/\/ancientskin.com\/","name":"Ancientskin","description":"Nordic Tattoo Sweden and Germany","publisher":{"@id":"https:\/\/ancientskin.com\/#organization"},"alternateName":"Nordic Tattoo Sweden and Germany","potentialAction":[{"@type":"SearchAction","target":{"@type":"EntryPoint","urlTemplate":"https:\/\/ancientskin.com\/?s={search_term_string}"},"query-input":{"@type":"PropertyValueSpecification","valueRequired":true,"valueName":"search_term_string"}}],"inLanguage":"en-GB"},{"@type":"Organization","@id":"https:\/\/ancientskin.com\/#organization","name":"Ancientskin - Nordic Tattoo Sweden and Germany","alternateName":"Nordic Tattoo Sweden and Germany","url":"https:\/\/ancientskin.com\/","logo":{"@type":"ImageObject","inLanguage":"en-GB","@id":"https:\/\/ancientskin.com\/#\/schema\/logo\/image\/","url":"https:\/\/ancientskin.com\/wp-content\/uploads\/2020\/05\/ancientskin.png","contentUrl":"https:\/\/ancientskin.com\/wp-content\/uploads\/2020\/05\/ancientskin.png","width":106,"height":122,"caption":"Ancientskin - Nordic Tattoo Sweden and Germany"},"image":{"@id":"https:\/\/ancientskin.com\/#\/schema\/logo\/image\/"},"sameAs":["https:\/\/facebook.com\/ancientskin.tattoo","https:\/\/instagram.com\/ancientskin.tattoo","https:\/\/www.pinterest.de\/ancientskin","https:\/\/www.youtube.com\/@ancientskin.tattoo"]}]}},"_links":{"self":[{"href":"https:\/\/ancientskin.com\/en\/wp-json\/wp\/v2\/pages\/8101","targetHints":{"allow":["GET"]}}],"collection":[{"href":"https:\/\/ancientskin.com\/en\/wp-json\/wp\/v2\/pages"}],"about":[{"href":"https:\/\/ancientskin.com\/en\/wp-json\/wp\/v2\/types\/page"}],"author":[{"embeddable":true,"href":"https:\/\/ancientskin.com\/en\/wp-json\/wp\/v2\/users\/1"}],"replies":[{"embeddable":true,"href":"https:\/\/ancientskin.com\/en\/wp-json\/wp\/v2\/comments?post=8101"}],"version-history":[{"count":0,"href":"https:\/\/ancientskin.com\/en\/wp-json\/wp\/v2\/pages\/8101\/revisions"}],"wp:attachment":[{"href":"https:\/\/ancientskin.com\/en\/wp-json\/wp\/v2\/media?parent=8101"}],"curies":[{"name":"wp","href":"https:\/\/api.w.org\/{rel}","templated":true}]}}