{"id":5211,"date":"2022-03-21T18:05:29","date_gmt":"2022-03-21T17:05:29","guid":{"rendered":"http:\/\/nordictattoo.ancientskin.com\/?page_id=5211"},"modified":"2026-04-21T08:06:58","modified_gmt":"2026-04-21T06:06:58","slug":"traditionelles-taetowieren","status":"publish","type":"page","link":"https:\/\/ancientskin.com\/en\/traditionelles-taetowieren\/","title":{"rendered":"Traditional Tatooing"},"content":{"rendered":"<div data-elementor-type=\"wp-page\" data-elementor-id=\"5211\" class=\"elementor elementor-5211\" data-elementor-post-type=\"page\">\n\t\t\t\t\t\t<section class=\"elementor-section elementor-top-section elementor-element elementor-element-018f469 elementor-section-boxed elementor-section-height-default elementor-section-height-default\" data-id=\"018f469\" data-element_type=\"section\" data-e-type=\"section\">\n\t\t\t\t\t\t<div class=\"elementor-container elementor-column-gap-no\">\n\t\t\t\t\t<div class=\"elementor-column elementor-col-100 elementor-top-column elementor-element elementor-element-6cc90f2\" data-id=\"6cc90f2\" data-element_type=\"column\" data-e-type=\"column\">\n\t\t\t<div class=\"elementor-widget-wrap elementor-element-populated\">\n\t\t\t\t\t\t<div class=\"elementor-element elementor-element-25eacff elementor-absolute elementor-widget elementor-widget-heading\" data-id=\"25eacff\" data-element_type=\"widget\" data-e-type=\"widget\" data-settings=\"{&quot;_position&quot;:&quot;absolute&quot;}\" data-widget_type=\"heading.default\">\n\t\t\t\t<div class=\"elementor-widget-container\">\n\t\t\t\t\t<span class=\"elementor-heading-title elementor-size-default\">Nordic Tattoo<\/span>\t\t\t\t<\/div>\n\t\t\t\t<\/div>\n\t\t\t\t<div class=\"elementor-element elementor-element-f9a3766 elementor-invisible elementor-widget elementor-widget-heading\" data-id=\"f9a3766\" data-element_type=\"widget\" data-e-type=\"widget\" data-settings=\"{&quot;_animation&quot;:&quot;fadeInDown&quot;}\" data-widget_type=\"heading.default\">\n\t\t\t\t<div class=\"elementor-widget-container\">\n\t\t\t\t\t<h6 class=\"elementor-heading-title elementor-size-default\">Tattoogeschichte<\/h6>\t\t\t\t<\/div>\n\t\t\t\t<\/div>\n\t\t\t\t<div class=\"elementor-element elementor-element-b2013bb elementor-widget elementor-widget-heading\" data-id=\"b2013bb\" data-element_type=\"widget\" data-e-type=\"widget\" data-widget_type=\"heading.default\">\n\t\t\t\t<div class=\"elementor-widget-container\">\n\t\t\t\t\t<h2 class=\"elementor-heading-title elementor-size-default\">Traditional Tattooing, Tattoo History, Artifacts and Tattoo Cultures<\/h2>\t\t\t\t<\/div>\n\t\t\t\t<\/div>\n\t\t\t\t<div class=\"elementor-element elementor-element-072a68b elementor-widget elementor-widget-text-editor\" data-id=\"072a68b\" data-element_type=\"widget\" data-e-type=\"widget\" data-widget_type=\"text-editor.default\">\n\t\t\t\t<div class=\"elementor-widget-container\">\n\t\t\t\t\t\t\t\t\t<p>Ein Gro\u00dfteil der Inspiration unserer Inpiration f\u00fcr die Motive im nordischen Stil, finden wir in Artefakten und weiteren erhaltenen Kunstformen aus der Wikinger- und Bronzezeit. Das Wikingerzeitalter umfasst knapp 300 Jahre. In diesem Zeitraum entwickelten sich diverse Kunststile die wir heute in unterschiedliche Kategorien einordnen: Broa, Borre, Jelling, Mammen, Ringerike und Urnes-Stil. Alle Stile haben ihre ganz eigene \u00c4sthetik und folgen einer sehr genauen stilistische Vorgabe. Die nordische T\u00e4towierungen k\u00f6nnen sich an diesen Stilen orientieren. Im folgenden eine \u00dcbersicht \u00fcber die wikingerzeitlichen Kunstepochen.<\/p>\t\t\t\t\t\t\t\t<\/div>\n\t\t\t\t<\/div>\n\t\t\t\t<div class=\"elementor-element elementor-element-b0d9616 elementor-absolute elementor-widget elementor-widget-heading\" data-id=\"b0d9616\" data-element_type=\"widget\" data-e-type=\"widget\" data-settings=\"{&quot;_position&quot;:&quot;absolute&quot;}\" data-widget_type=\"heading.default\">\n\t\t\t\t<div class=\"elementor-widget-container\">\n\t\t\t\t\t<span class=\"elementor-heading-title elementor-size-default\">Nordic Tattoo<\/span>\t\t\t\t<\/div>\n\t\t\t\t<\/div>\n\t\t\t\t\t<\/div>\n\t\t<\/div>\n\t\t\t\t\t<\/div>\n\t\t<\/section>\n\t\t\t\t<section class=\"elementor-section elementor-top-section elementor-element elementor-element-84e03b8 elementor-section-full_width elementor-section-content-middle elementor-section-height-default elementor-section-height-default\" data-id=\"84e03b8\" data-element_type=\"section\" data-e-type=\"section\">\n\t\t\t\t\t\t<div class=\"elementor-container elementor-column-gap-no\">\n\t\t\t\t\t<div class=\"elementor-column elementor-col-50 elementor-top-column elementor-element elementor-element-a758158\" data-id=\"a758158\" data-element_type=\"column\" data-e-type=\"column\" data-settings=\"{&quot;background_background&quot;:&quot;classic&quot;}\">\n\t\t\t<div class=\"elementor-widget-wrap elementor-element-populated\">\n\t\t\t\t\t<div class=\"elementor-background-overlay\"><\/div>\n\t\t\t\t\t\t<div class=\"elementor-element elementor-element-d8a7a9f elementor-widget elementor-widget-image\" data-id=\"d8a7a9f\" data-element_type=\"widget\" data-e-type=\"widget\" data-widget_type=\"image.default\">\n\t\t\t\t<div class=\"elementor-widget-container\">\n\t\t\t\t\t\t\t\t\t\t\t\t\t\t\t<img fetchpriority=\"high\" decoding=\"async\" width=\"580\" height=\"435\" src=\"https:\/\/ancientskin.com\/wp-content\/uploads\/2022\/03\/in-line-tattoo-tool-from-Banaue.png\" class=\"attachment-large size-large wp-image-5268\" alt=\"\" srcset=\"https:\/\/ancientskin.com\/wp-content\/uploads\/2022\/03\/in-line-tattoo-tool-from-Banaue.png 953w, https:\/\/ancientskin.com\/wp-content\/uploads\/2022\/03\/in-line-tattoo-tool-from-Banaue-300x225.png 300w, https:\/\/ancientskin.com\/wp-content\/uploads\/2022\/03\/in-line-tattoo-tool-from-Banaue-768x575.png 768w\" sizes=\"(max-width: 580px) 100vw, 580px\" \/>\t\t\t\t\t\t\t\t\t\t\t\t\t\t\t<\/div>\n\t\t\t\t<\/div>\n\t\t\t\t\t<\/div>\n\t\t<\/div>\n\t\t\t\t<div class=\"elementor-column elementor-col-50 elementor-top-column elementor-element elementor-element-8a3debe\" data-id=\"8a3debe\" data-element_type=\"column\" data-e-type=\"column\">\n\t\t\t<div class=\"elementor-widget-wrap elementor-element-populated\">\n\t\t\t\t\t\t<div class=\"elementor-element elementor-element-3bc674d elementor-widget elementor-widget-text-editor\" data-id=\"3bc674d\" data-element_type=\"widget\" data-e-type=\"widget\" data-widget_type=\"text-editor.default\">\n\t\t\t\t<div class=\"elementor-widget-container\">\n\t\t\t\t\t\t\t\t\t<h1>in-line tattoo tool from Banaue, Mountain Province, Philippines<\/h1>\t\t\t\t\t\t\t\t<\/div>\n\t\t\t\t<\/div>\n\t\t\t\t<div class=\"elementor-element elementor-element-a1d58c2 elementor-widget elementor-widget-text-editor\" data-id=\"a1d58c2\" data-element_type=\"widget\" data-e-type=\"widget\" data-widget_type=\"text-editor.default\">\n\t\t\t\t<div class=\"elementor-widget-container\">\n\t\t\t\t\t\t\t\t\t<p><font color=\"#262626\" face=\"-apple-system, system-ui, Segoe UI, Roboto, Helvetica, Arial, sans-serif\"><span style=\"font-size: 14px; font-weight: 400; letter-spacing: normal;\">This in-line tattoo tool from Banaue, Mountain Province, Philippines has a carved wood shaft and is decorated with four circlets of plaited rattan. Two metal points are bound to the tip using blue yarn. It likely was made by the Ifugao people, among whom tattooing is called \u201cb\u00e1tok.\u201d No date is noted on the collection record.<\/span><\/font><\/p><p><font color=\"#262626\" face=\"-apple-system, system-ui, Segoe UI, Roboto, Helvetica, Arial, sans-serif\"><span style=\"font-size: 14px; font-weight: 400; letter-spacing: normal;\">Ifugao men and women were historically tatooed with naturalistic images invoking specific plants and animals, in addition to geometric shapes. Their tattoos were applied to &#8211; among other things &#8211; mark adulthood, demonstrate social status, and (for men) record success in battle.<\/span><\/font><\/p><p><font color=\"#262626\" face=\"-apple-system, system-ui, Segoe UI, Roboto, Helvetica, Arial, sans-serif\"><span style=\"font-size: 14px; font-weight: 400; letter-spacing: normal;\">For more on traditional tattooing in the Philippines, be sure to check out the work of Analyn Salvador Amores, including her chapter in #ancientink.<\/span><\/font><\/p><p><br><\/p>\t\t\t\t\t\t\t\t<\/div>\n\t\t\t\t<\/div>\n\t\t\t\t<div class=\"elementor-element elementor-element-fdb224c elementor-widget elementor-widget-text-editor\" data-id=\"fdb224c\" data-element_type=\"widget\" data-e-type=\"widget\" data-widget_type=\"text-editor.default\">\n\t\t\t\t<div class=\"elementor-widget-container\">\n\t\t\t\t\t\t\t\t\t<p><span style=\"color: #262626; font-family: -apple-system, system-ui, Segoe UI, Roboto, Helvetica, Arial, sans-serif;\"><span style=\"font-size: 14px; letter-spacing: normal;\"><b>Image:<\/b> Yale Peabody Museum of Natural History (ANT 229788)<br \/><\/span><\/span><span style=\"font-size: inherit; text-align: inherit; letter-spacing: -0.015em;\"><b>Text-Quelle:<\/b>\u00a0<\/span><a style=\"font-size: inherit; text-align: inherit; letter-spacing: -0.015em;\" href=\"https:\/\/www.instagram.com\/archaeologyink\" target=\"_blank\" rel=\"noopener\">https:\/\/www.instagram.com\/archaeologyink<\/a><\/p>\t\t\t\t\t\t\t\t<\/div>\n\t\t\t\t<\/div>\n\t\t\t\t\t<\/div>\n\t\t<\/div>\n\t\t\t\t\t<\/div>\n\t\t<\/section>\n\t\t\t\t<section class=\"elementor-section elementor-top-section elementor-element elementor-element-37a8377 elementor-section-full_width elementor-section-content-middle elementor-section-height-default elementor-section-height-default\" data-id=\"37a8377\" data-element_type=\"section\" data-e-type=\"section\">\n\t\t\t\t\t\t<div class=\"elementor-container elementor-column-gap-no\">\n\t\t\t\t\t<div class=\"elementor-column elementor-col-50 elementor-top-column elementor-element elementor-element-f644746\" data-id=\"f644746\" data-element_type=\"column\" data-e-type=\"column\" data-settings=\"{&quot;background_background&quot;:&quot;classic&quot;}\">\n\t\t\t<div class=\"elementor-widget-wrap elementor-element-populated\">\n\t\t\t\t\t<div class=\"elementor-background-overlay\"><\/div>\n\t\t\t\t\t\t<div class=\"elementor-element elementor-element-e7be3e0 elementor-widget elementor-widget-image\" data-id=\"e7be3e0\" data-element_type=\"widget\" data-e-type=\"widget\" data-widget_type=\"image.default\">\n\t\t\t\t<div class=\"elementor-widget-container\">\n\t\t\t\t\t\t\t\t\t\t\t\t\t\t\t<img decoding=\"async\" width=\"580\" height=\"579\" src=\"https:\/\/ancientskin.com\/wp-content\/uploads\/2022\/03\/archaeologyink-The-Chimu-culture.png\" class=\"attachment-large size-large wp-image-5246\" alt=\"\" srcset=\"https:\/\/ancientskin.com\/wp-content\/uploads\/2022\/03\/archaeologyink-The-Chimu-culture.png 949w, https:\/\/ancientskin.com\/wp-content\/uploads\/2022\/03\/archaeologyink-The-Chimu-culture-300x300.png 300w, https:\/\/ancientskin.com\/wp-content\/uploads\/2022\/03\/archaeologyink-The-Chimu-culture-150x150.png 150w, https:\/\/ancientskin.com\/wp-content\/uploads\/2022\/03\/archaeologyink-The-Chimu-culture-768x767.png 768w\" sizes=\"(max-width: 580px) 100vw, 580px\" \/>\t\t\t\t\t\t\t\t\t\t\t\t\t\t\t<\/div>\n\t\t\t\t<\/div>\n\t\t\t\t\t<\/div>\n\t\t<\/div>\n\t\t\t\t<div class=\"elementor-column elementor-col-50 elementor-top-column elementor-element elementor-element-2a29d0f\" data-id=\"2a29d0f\" data-element_type=\"column\" data-e-type=\"column\">\n\t\t\t<div class=\"elementor-widget-wrap elementor-element-populated\">\n\t\t\t\t\t\t<div class=\"elementor-element elementor-element-f7a0857 elementor-widget elementor-widget-text-editor\" data-id=\"f7a0857\" data-element_type=\"widget\" data-e-type=\"widget\" data-widget_type=\"text-editor.default\">\n\t\t\t\t<div class=\"elementor-widget-container\">\n\t\t\t\t\t\t\t\t\t<h1>The Chimu culture developed around 900 CE in the Moche Valley of northern Peru<\/h1>\t\t\t\t\t\t\t\t<\/div>\n\t\t\t\t<\/div>\n\t\t\t\t<div class=\"elementor-element elementor-element-9e8a8e7 elementor-widget elementor-widget-text-editor\" data-id=\"9e8a8e7\" data-element_type=\"widget\" data-e-type=\"widget\" data-widget_type=\"text-editor.default\">\n\t\t\t\t<div class=\"elementor-widget-container\">\n\t\t\t\t\t\t\t\t\t<p><span style=\"color: rgb(38, 38, 38); font-family: -apple-system, &quot;system-ui&quot;, &quot;Segoe UI&quot;, Roboto, Helvetica, Arial, sans-serif; font-size: 14px; font-weight: 400; letter-spacing: normal;\">The Chimu culture developed around 900 CE in the Moche Valley of northern Peru. At its peak in the Late Intermediate Period, Chimu influence spread over nearly 1,000 km of coastal Peru. That power would largely come to an end when they were conquered by the Inca in 1470 CE.<\/span><br style=\"color: rgb(38, 38, 38); font-family: -apple-system, &quot;system-ui&quot;, &quot;Segoe UI&quot;, Roboto, Helvetica, Arial, sans-serif; font-size: 14px; font-weight: 400; letter-spacing: normal;\"><br style=\"color: rgb(38, 38, 38); font-family: -apple-system, &quot;system-ui&quot;, &quot;Segoe UI&quot;, Roboto, Helvetica, Arial, sans-serif; font-size: 14px; font-weight: 400; letter-spacing: normal;\"><span style=\"color: rgb(38, 38, 38); font-family: -apple-system, &quot;system-ui&quot;, &quot;Segoe UI&quot;, Roboto, Helvetica, Arial, sans-serif; font-size: 14px; font-weight: 400; letter-spacing: normal;\">Tattooed Chimu mummies have been identified in several locations in Peru. This drawing shows marks on the right forearm of an adult mummy of unknown sex from the Ancash region, dated around 1350 CE. The bands of geometric motifs undoubtedly had symbolic value to the individual who wore them, but those specific meanings &#8211; and what if any physical objects or beings they represent &#8211; are elusive. Easier to identify are the several arrow or harpoon points, all oriented towards the elbow.<\/span><br style=\"color: rgb(38, 38, 38); font-family: -apple-system, &quot;system-ui&quot;, &quot;Segoe UI&quot;, Roboto, Helvetica, Arial, sans-serif; font-size: 14px; font-weight: 400; letter-spacing: normal;\"><br style=\"color: rgb(38, 38, 38); font-family: -apple-system, &quot;system-ui&quot;, &quot;Segoe UI&quot;, Roboto, Helvetica, Arial, sans-serif; font-size: 14px; font-weight: 400; letter-spacing: normal;\"><span style=\"color: rgb(38, 38, 38); font-family: -apple-system, &quot;system-ui&quot;, &quot;Segoe UI&quot;, Roboto, Helvetica, Arial, sans-serif; font-size: 14px; font-weight: 400; letter-spacing: normal;\">For more, see Allison et al. (1981) \u201cTatuajes y pintura corporal de los ind\u00edgenas precolombinos de Per\u00fa y Chile.\u201d<\/span><br><\/p>\t\t\t\t\t\t\t\t<\/div>\n\t\t\t\t<\/div>\n\t\t\t\t<div class=\"elementor-element elementor-element-90fd4ae elementor-widget elementor-widget-text-editor\" data-id=\"90fd4ae\" data-element_type=\"widget\" data-e-type=\"widget\" data-widget_type=\"text-editor.default\">\n\t\t\t\t<div class=\"elementor-widget-container\">\n\t\t\t\t\t\t\t\t\t<p><b>Text-Quelle:<\/b>\u00a0<a style=\"letter-spacing: -0.015em;\" href=\"https:\/\/www.instagram.com\/archaeologyink\" target=\"_blank\" rel=\"noopener\">https:\/\/www.instagram.com\/archaeologyink<\/a><\/p>\t\t\t\t\t\t\t\t<\/div>\n\t\t\t\t<\/div>\n\t\t\t\t\t<\/div>\n\t\t<\/div>\n\t\t\t\t\t<\/div>\n\t\t<\/section>\n\t\t\t\t<\/div>","protected":false},"excerpt":{"rendered":"<p>Nordic Tattoo Tattoogeschichte Traditionelle T\u00e4towierungen Tattoogeschichte, Artefakte und noch heute bestehende Tattoo-Kulturen Ein Gro\u00dfteil der Inspiration unserer Inpiration f\u00fcr die Motive im nordischen Stil, finden wir in Artefakten und weiteren erhaltenen Kunstformen aus der Wikinger- und Bronzezeit. Das Wikingerzeitalter umfasst knapp 300 Jahre. In diesem Zeitraum entwickelten sich diverse Kunststile die wir heute in unterschiedliche [&hellip;]<\/p>\n","protected":false},"author":1,"featured_media":0,"parent":0,"menu_order":3,"comment_status":"closed","ping_status":"closed","template":"elementor_header_footer","meta":{"_acf_changed":false,"footnotes":""},"class_list":["post-5211","page","type-page","status-publish","hentry"],"acf":[],"yoast_head":"<!-- This site is optimized with the Yoast SEO plugin v27.4 - https:\/\/yoast.com\/product\/yoast-seo-wordpress\/ -->\n<title>Traditionelles T\u00e4towieren | Artefakte und Tattoo-Kulturennoch | Ancientskin<\/title>\n<meta name=\"description\" content=\"ANCIENTSKIN Nordic Tattoo zeigt traditionelle T\u00e4towierungskulturen und historische Tattoo-Kunst aus der Welt als Inspiration f\u00fcr nordische Handpoke &amp; Machine Tattoos.\" \/>\n<meta name=\"robots\" content=\"index, follow, max-snippet:-1, max-image-preview:large, max-video-preview:-1\" \/>\n<link rel=\"canonical\" href=\"https:\/\/ancientskin.com\/en\/traditionelles-taetowieren\/\" \/>\n<meta property=\"og:locale\" content=\"en_GB\" \/>\n<meta property=\"og:type\" content=\"article\" \/>\n<meta property=\"og:title\" content=\"Traditionelles T\u00e4towieren | Artefakte und Tattoo-Kulturennoch | Ancientskin\" \/>\n<meta property=\"og:description\" content=\"ANCIENTSKIN Nordic Tattoo zeigt traditionelle T\u00e4towierungskulturen und historische Tattoo-Kunst aus der Welt als Inspiration f\u00fcr nordische Handpoke &amp; Machine Tattoos.\" \/>\n<meta property=\"og:url\" content=\"https:\/\/ancientskin.com\/en\/traditionelles-taetowieren\/\" \/>\n<meta property=\"og:site_name\" content=\"Ancientskin\" \/>\n<meta property=\"article:publisher\" content=\"https:\/\/facebook.com\/ancientskin.tattoo\" \/>\n<meta property=\"article:modified_time\" content=\"2026-04-21T06:06:58+00:00\" \/>\n<meta property=\"og:image\" content=\"https:\/\/ancientskin.com\/wp-content\/uploads\/2022\/03\/in-line-tattoo-tool-from-Banaue.png\" \/>\n<meta name=\"twitter:card\" content=\"summary_large_image\" \/>\n<meta name=\"twitter:label1\" content=\"Estimated reading time\" \/>\n\t<meta name=\"twitter:data1\" content=\"3 minutes\" \/>\n<script type=\"application\/ld+json\" class=\"yoast-schema-graph\">{\"@context\":\"https:\\\/\\\/schema.org\",\"@graph\":[{\"@type\":\"WebPage\",\"@id\":\"https:\\\/\\\/ancientskin.com\\\/traditionelles-taetowieren\\\/\",\"url\":\"https:\\\/\\\/ancientskin.com\\\/traditionelles-taetowieren\\\/\",\"name\":\"Traditionelles T\u00e4towieren | Artefakte und Tattoo-Kulturennoch | Ancientskin\",\"isPartOf\":{\"@id\":\"https:\\\/\\\/ancientskin.com\\\/#website\"},\"primaryImageOfPage\":{\"@id\":\"https:\\\/\\\/ancientskin.com\\\/traditionelles-taetowieren\\\/#primaryimage\"},\"image\":{\"@id\":\"https:\\\/\\\/ancientskin.com\\\/traditionelles-taetowieren\\\/#primaryimage\"},\"thumbnailUrl\":\"https:\\\/\\\/ancientskin.com\\\/wp-content\\\/uploads\\\/2022\\\/03\\\/in-line-tattoo-tool-from-Banaue.png\",\"datePublished\":\"2022-03-21T17:05:29+00:00\",\"dateModified\":\"2026-04-21T06:06:58+00:00\",\"description\":\"ANCIENTSKIN Nordic Tattoo zeigt traditionelle T\u00e4towierungskulturen und historische Tattoo-Kunst aus der Welt als Inspiration f\u00fcr nordische Handpoke & Machine Tattoos.\",\"breadcrumb\":{\"@id\":\"https:\\\/\\\/ancientskin.com\\\/traditionelles-taetowieren\\\/#breadcrumb\"},\"inLanguage\":\"en-GB\",\"potentialAction\":[{\"@type\":\"ReadAction\",\"target\":[\"https:\\\/\\\/ancientskin.com\\\/traditionelles-taetowieren\\\/\"]}]},{\"@type\":\"ImageObject\",\"inLanguage\":\"en-GB\",\"@id\":\"https:\\\/\\\/ancientskin.com\\\/traditionelles-taetowieren\\\/#primaryimage\",\"url\":\"https:\\\/\\\/ancientskin.com\\\/wp-content\\\/uploads\\\/2022\\\/03\\\/in-line-tattoo-tool-from-Banaue.png\",\"contentUrl\":\"https:\\\/\\\/ancientskin.com\\\/wp-content\\\/uploads\\\/2022\\\/03\\\/in-line-tattoo-tool-from-Banaue.png\"},{\"@type\":\"BreadcrumbList\",\"@id\":\"https:\\\/\\\/ancientskin.com\\\/traditionelles-taetowieren\\\/#breadcrumb\",\"itemListElement\":[{\"@type\":\"ListItem\",\"position\":1,\"name\":\"Ancientskin\",\"item\":\"https:\\\/\\\/ancientskin.com\\\/\"},{\"@type\":\"ListItem\",\"position\":2,\"name\":\"Traditionelles T\u00e4towieren\"}]},{\"@type\":\"WebSite\",\"@id\":\"https:\\\/\\\/ancientskin.com\\\/#website\",\"url\":\"https:\\\/\\\/ancientskin.com\\\/\",\"name\":\"Ancientskin\",\"description\":\"Nordic Tattoo Sweden and Germany\",\"publisher\":{\"@id\":\"https:\\\/\\\/ancientskin.com\\\/#organization\"},\"alternateName\":\"Nordic Tattoo Sweden and Germany\",\"potentialAction\":[{\"@type\":\"SearchAction\",\"target\":{\"@type\":\"EntryPoint\",\"urlTemplate\":\"https:\\\/\\\/ancientskin.com\\\/?s={search_term_string}\"},\"query-input\":{\"@type\":\"PropertyValueSpecification\",\"valueRequired\":true,\"valueName\":\"search_term_string\"}}],\"inLanguage\":\"en-GB\"},{\"@type\":\"Organization\",\"@id\":\"https:\\\/\\\/ancientskin.com\\\/#organization\",\"name\":\"Ancientskin - Nordic Tattoo Sweden and Germany\",\"alternateName\":\"Nordic Tattoo Sweden and Germany\",\"url\":\"https:\\\/\\\/ancientskin.com\\\/\",\"logo\":{\"@type\":\"ImageObject\",\"inLanguage\":\"en-GB\",\"@id\":\"https:\\\/\\\/ancientskin.com\\\/#\\\/schema\\\/logo\\\/image\\\/\",\"url\":\"https:\\\/\\\/ancientskin.com\\\/wp-content\\\/uploads\\\/2020\\\/05\\\/ancientskin.png\",\"contentUrl\":\"https:\\\/\\\/ancientskin.com\\\/wp-content\\\/uploads\\\/2020\\\/05\\\/ancientskin.png\",\"width\":106,\"height\":122,\"caption\":\"Ancientskin - Nordic Tattoo Sweden and Germany\"},\"image\":{\"@id\":\"https:\\\/\\\/ancientskin.com\\\/#\\\/schema\\\/logo\\\/image\\\/\"},\"sameAs\":[\"https:\\\/\\\/facebook.com\\\/ancientskin.tattoo\",\"https:\\\/\\\/instagram.com\\\/ancientskin.tattoo\",\"https:\\\/\\\/www.pinterest.de\\\/ancientskin\",\"https:\\\/\\\/www.youtube.com\\\/@ancientskin.tattoo\"]}]}<\/script>\n<!-- \/ Yoast SEO plugin. -->","yoast_head_json":{"title":"Traditionelles T\u00e4towieren | Artefakte und Tattoo-Kulturennoch | Ancientskin","description":"ANCIENTSKIN Nordic Tattoo zeigt traditionelle T\u00e4towierungskulturen und historische Tattoo-Kunst aus der Welt als Inspiration f\u00fcr nordische Handpoke & Machine Tattoos.","robots":{"index":"index","follow":"follow","max-snippet":"max-snippet:-1","max-image-preview":"max-image-preview:large","max-video-preview":"max-video-preview:-1"},"canonical":"https:\/\/ancientskin.com\/en\/traditionelles-taetowieren\/","og_locale":"en_GB","og_type":"article","og_title":"Traditionelles T\u00e4towieren | Artefakte und Tattoo-Kulturennoch | Ancientskin","og_description":"ANCIENTSKIN Nordic Tattoo zeigt traditionelle T\u00e4towierungskulturen und historische Tattoo-Kunst aus der Welt als Inspiration f\u00fcr nordische Handpoke & Machine Tattoos.","og_url":"https:\/\/ancientskin.com\/en\/traditionelles-taetowieren\/","og_site_name":"Ancientskin","article_publisher":"https:\/\/facebook.com\/ancientskin.tattoo","article_modified_time":"2026-04-21T06:06:58+00:00","og_image":[{"url":"https:\/\/ancientskin.com\/wp-content\/uploads\/2022\/03\/in-line-tattoo-tool-from-Banaue.png","type":"","width":"","height":""}],"twitter_card":"summary_large_image","twitter_misc":{"Estimated reading time":"3 minutes"},"schema":{"@context":"https:\/\/schema.org","@graph":[{"@type":"WebPage","@id":"https:\/\/ancientskin.com\/traditionelles-taetowieren\/","url":"https:\/\/ancientskin.com\/traditionelles-taetowieren\/","name":"Traditionelles T\u00e4towieren | Artefakte und Tattoo-Kulturennoch | Ancientskin","isPartOf":{"@id":"https:\/\/ancientskin.com\/#website"},"primaryImageOfPage":{"@id":"https:\/\/ancientskin.com\/traditionelles-taetowieren\/#primaryimage"},"image":{"@id":"https:\/\/ancientskin.com\/traditionelles-taetowieren\/#primaryimage"},"thumbnailUrl":"https:\/\/ancientskin.com\/wp-content\/uploads\/2022\/03\/in-line-tattoo-tool-from-Banaue.png","datePublished":"2022-03-21T17:05:29+00:00","dateModified":"2026-04-21T06:06:58+00:00","description":"ANCIENTSKIN Nordic Tattoo zeigt traditionelle T\u00e4towierungskulturen und historische Tattoo-Kunst aus der Welt als Inspiration f\u00fcr nordische Handpoke & Machine Tattoos.","breadcrumb":{"@id":"https:\/\/ancientskin.com\/traditionelles-taetowieren\/#breadcrumb"},"inLanguage":"en-GB","potentialAction":[{"@type":"ReadAction","target":["https:\/\/ancientskin.com\/traditionelles-taetowieren\/"]}]},{"@type":"ImageObject","inLanguage":"en-GB","@id":"https:\/\/ancientskin.com\/traditionelles-taetowieren\/#primaryimage","url":"https:\/\/ancientskin.com\/wp-content\/uploads\/2022\/03\/in-line-tattoo-tool-from-Banaue.png","contentUrl":"https:\/\/ancientskin.com\/wp-content\/uploads\/2022\/03\/in-line-tattoo-tool-from-Banaue.png"},{"@type":"BreadcrumbList","@id":"https:\/\/ancientskin.com\/traditionelles-taetowieren\/#breadcrumb","itemListElement":[{"@type":"ListItem","position":1,"name":"Ancientskin","item":"https:\/\/ancientskin.com\/"},{"@type":"ListItem","position":2,"name":"Traditionelles T\u00e4towieren"}]},{"@type":"WebSite","@id":"https:\/\/ancientskin.com\/#website","url":"https:\/\/ancientskin.com\/","name":"Ancientskin","description":"Nordic Tattoo Sweden and Germany","publisher":{"@id":"https:\/\/ancientskin.com\/#organization"},"alternateName":"Nordic Tattoo Sweden and Germany","potentialAction":[{"@type":"SearchAction","target":{"@type":"EntryPoint","urlTemplate":"https:\/\/ancientskin.com\/?s={search_term_string}"},"query-input":{"@type":"PropertyValueSpecification","valueRequired":true,"valueName":"search_term_string"}}],"inLanguage":"en-GB"},{"@type":"Organization","@id":"https:\/\/ancientskin.com\/#organization","name":"Ancientskin - Nordic Tattoo Sweden and Germany","alternateName":"Nordic Tattoo Sweden and Germany","url":"https:\/\/ancientskin.com\/","logo":{"@type":"ImageObject","inLanguage":"en-GB","@id":"https:\/\/ancientskin.com\/#\/schema\/logo\/image\/","url":"https:\/\/ancientskin.com\/wp-content\/uploads\/2020\/05\/ancientskin.png","contentUrl":"https:\/\/ancientskin.com\/wp-content\/uploads\/2020\/05\/ancientskin.png","width":106,"height":122,"caption":"Ancientskin - Nordic Tattoo Sweden and Germany"},"image":{"@id":"https:\/\/ancientskin.com\/#\/schema\/logo\/image\/"},"sameAs":["https:\/\/facebook.com\/ancientskin.tattoo","https:\/\/instagram.com\/ancientskin.tattoo","https:\/\/www.pinterest.de\/ancientskin","https:\/\/www.youtube.com\/@ancientskin.tattoo"]}]}},"_links":{"self":[{"href":"https:\/\/ancientskin.com\/en\/wp-json\/wp\/v2\/pages\/5211","targetHints":{"allow":["GET"]}}],"collection":[{"href":"https:\/\/ancientskin.com\/en\/wp-json\/wp\/v2\/pages"}],"about":[{"href":"https:\/\/ancientskin.com\/en\/wp-json\/wp\/v2\/types\/page"}],"author":[{"embeddable":true,"href":"https:\/\/ancientskin.com\/en\/wp-json\/wp\/v2\/users\/1"}],"replies":[{"embeddable":true,"href":"https:\/\/ancientskin.com\/en\/wp-json\/wp\/v2\/comments?post=5211"}],"version-history":[{"count":1,"href":"https:\/\/ancientskin.com\/en\/wp-json\/wp\/v2\/pages\/5211\/revisions"}],"predecessor-version":[{"id":10276,"href":"https:\/\/ancientskin.com\/en\/wp-json\/wp\/v2\/pages\/5211\/revisions\/10276"}],"wp:attachment":[{"href":"https:\/\/ancientskin.com\/en\/wp-json\/wp\/v2\/media?parent=5211"}],"curies":[{"name":"wp","href":"https:\/\/api.w.org\/{rel}","templated":true}]}}