{"id":3353,"date":"2020-06-10T15:47:27","date_gmt":"2020-06-10T13:47:27","guid":{"rendered":"http:\/\/ancientskin.com\/?page_id=3353"},"modified":"2024-05-14T18:54:54","modified_gmt":"2024-05-14T16:54:54","slug":"impressum","status":"publish","type":"page","link":"https:\/\/ancientskin.com\/en\/impressum\/","title":{"rendered":"Legal Notice"},"content":{"rendered":"<div data-elementor-type=\"wp-page\" data-elementor-id=\"3353\" class=\"elementor elementor-3353\" data-elementor-post-type=\"page\">\n\t\t\t\t\t\t<section class=\"elementor-section elementor-top-section elementor-element elementor-element-872d665 elementor-section-boxed elementor-section-height-default elementor-section-height-default\" data-id=\"872d665\" data-element_type=\"section\" data-e-type=\"section\">\n\t\t\t\t\t\t<div class=\"elementor-container elementor-column-gap-default\">\n\t\t\t\t\t<div class=\"elementor-column elementor-col-100 elementor-top-column elementor-element elementor-element-dc7fd4e\" data-id=\"dc7fd4e\" data-element_type=\"column\" data-e-type=\"column\">\n\t\t\t<div class=\"elementor-widget-wrap elementor-element-populated\">\n\t\t\t\t\t\t<div class=\"elementor-element elementor-element-9757cd9 elementor-widget elementor-widget-text-editor\" data-id=\"9757cd9\" data-element_type=\"widget\" data-e-type=\"widget\" data-widget_type=\"text-editor.default\">\n\t\t\t\t<div class=\"elementor-widget-container\">\n\t\t\t\t\t\t\t\t\t<h2>IMPRESSUM<\/h2><p><strong>Vertretungsberechtigter (<\/strong><b>Angaben gem\u00e4\u00df \u00a7 5 TMG)<\/b><strong style=\"font-size: inherit; text-align: inherit; letter-spacing: -0.015em;\">:<\/strong><\/p><p><span style=\"font-size: inherit; letter-spacing: -0.015em; text-align: inherit;\"><b>Wezel GbR<\/b><br \/><\/span><span style=\"font-size: inherit; letter-spacing: -0.015em; text-align: inherit;\">Lorcher Stra\u00dfe 30<br \/><\/span><span style=\"font-size: inherit; letter-spacing: -0.015em; text-align: inherit;\">73102 Birenbach<br \/><\/span><span style=\"font-size: inherit; letter-spacing: -0.015em; text-align: inherit;\">Germany<\/span><\/p><p><b>Vertreten durch:\u00a0<\/b><span style=\"font-size: inherit; text-align: inherit; letter-spacing: -0.015em;\">Wezel GbR<br \/><\/span><span style=\"font-size: inherit; text-align: inherit; letter-spacing: -0.015em;\"><b>Gesch\u00e4ftsf\u00fchrer: <\/b>Lukas &amp; Ann-Kathrin Wezel<\/span><\/p><p><b>USt-ID-Nr.:<\/b> DE317995687<\/p><p><strong>Tel:<\/strong> +49 (0) 176 765 846 76<br \/><strong>E-Mail:\u00a0<a href=\"mailto:info@ancientskin.com\" target=\"_blank\" rel=\"noopener\">info@ancientskin.com<\/a><\/strong><\/p><p>\u00a0<\/p><p>Impressum gem\u00e4\u00df \u00a76 Teledienstegesetz (TDG), \u00a76 Mediendienste-Staatsvertrag (MDSTv) und \u00a74 Abs. 3 Bundesdatenschutzgesetz (BDSG)<\/p><p>Die Europ\u00e4ische Kommission stellt eine Plattform zur Online-Streitbeilegung (OS) bereit, die Sie hier finden\u00a0<a href=\"https:\/\/ec.europa.eu\/consumers\/odr\/\" target=\"_blank\" rel=\"noopener\">https:\/\/ec.europa.eu\/consumers\/odr\/<\/a>. Wir sind bereit, an einem au\u00dfergerichtlichen Schlichtungsverfahren vor einer Verbraucherschlichtungsstelle teilzunehmen. Zust\u00e4ndig ist die Allgemeine Verbraucherschlichtungsstelle des Zentrums f\u00fcr Schlichtung e.V., Stra\u00dfburger Stra\u00dfe 8, 77694 Kehl am Rhein,\u00a0<a href=\"http:\/\/www.verbraucher-schlichter.de\/\" target=\"_blank\" rel=\"noopener\">www.verbraucher-schlichter.de<\/a>.<\/p><p><strong>Bitte beachten Sie auch folgende Hinweise:<\/strong><br \/>Der Betreiber bem\u00fcht sich, im Rahmen des Zumutbaren auf dieser Website richtige und vollst\u00e4ndige Informationen zur Verf\u00fcgung zu stellen. Der Betreiber \u00fcbernimmt jedoch keine Haftung oder Garantie f\u00fcr die Aktualit\u00e4t, Richtigkeit und Vollst\u00e4ndigkeit der auf dieser Website bereitgestellten Informationen.<\/p><p>Dies gilt auch f\u00fcr alle Verbindungen (&#8222;Links&#8220;), auf die diese Website direkt oder indirekt verweist. Der Betreiber ist f\u00fcr den Inhalt einer Seite, die mit einem solchen Link erreicht wird, nicht verantwortlich. Der Betreiber beh\u00e4lt sich das Recht vor, ohne vorherige Ank\u00fcndigung \u00c4nderungen oder Erg\u00e4nzungen der bereitgestellten Informationen vorzunehmen.<\/p><p>Der Betreiber haftet nicht f\u00fcr direkte oder indirekte Sch\u00e4den einschlie\u00dflich entgangenen Gewinns, die aufgrund von oder sonst in Verbindung mit Informationen entstehen, die auf dieser Website bereitgehalten werden.<\/p><p>Alle Rechte an den Inhalten dieser Website stehen dem Betreiber oder von dem Betreiber beauftragten Dritten zu und bleiben vorbehalten. Insbesondere bed\u00fcrfen Nachdruck, Aufnahme in Online-Dienste, Internet und Vervielf\u00e4ltigung auf Datentr\u00e4ger wie CD-Rom, DVD-Rom etc.- auch auszugsweise &#8211; der vorherigen schriftlichen Zustimmung.<\/p>\t\t\t\t\t\t\t\t<\/div>\n\t\t\t\t<\/div>\n\t\t\t\t\t<\/div>\n\t\t<\/div>\n\t\t\t\t\t<\/div>\n\t\t<\/section>\n\t\t\t\t<\/div>","protected":false},"excerpt":{"rendered":"<p>IMPRESSUM Vertretungsberechtigter (Angaben gem\u00e4\u00df \u00a7 5 TMG): Wezel GbRLorcher Stra\u00dfe 3073102 BirenbachDeutschland Vertreten durch:\u00a0Wezel GbRGesch\u00e4ftsf\u00fchrer: Lukas &amp; Ann-Kathrin Wezel USt-ID-Nr.: DE317995687 Tel: +49 (0) 176 765 846 76E-Mail:\u00a0info@ancientskin.com \u00a0 Impressum gem\u00e4\u00df \u00a76 Teledienstegesetz (TDG), \u00a76 Mediendienste-Staatsvertrag (MDSTv) und \u00a74 Abs. 3 Bundesdatenschutzgesetz (BDSG) Die Europ\u00e4ische Kommission stellt eine Plattform zur Online-Streitbeilegung (OS) bereit, die Sie [&hellip;]<\/p>\n","protected":false},"author":1,"featured_media":0,"parent":0,"menu_order":99,"comment_status":"closed","ping_status":"closed","template":"elementor_header_footer","meta":{"_acf_changed":false,"footnotes":""},"class_list":["post-3353","page","type-page","status-publish","hentry"],"acf":[],"yoast_head":"<!-- This site is optimized with the Yoast SEO plugin v27.4 - https:\/\/yoast.com\/product\/yoast-seo-wordpress\/ -->\n<title>Impressum | Ancientskin<\/title>\n<meta name=\"description\" content=\"ANCIENTSKIN: Nordic Tattoo Studio in V\u00e4stra G\u00f6taland, Sweden and Germany. Nordic Art rooted in nordic culture, ritual, symbolism &amp; ancient tradition | Handpoke &amp; Machine Tattoos.\" \/>\n<meta name=\"robots\" content=\"index, follow, max-snippet:-1, max-image-preview:large, max-video-preview:-1\" \/>\n<link rel=\"canonical\" href=\"https:\/\/ancientskin.com\/en\/impressum\/\" \/>\n<meta property=\"og:locale\" content=\"en_GB\" \/>\n<meta property=\"og:type\" content=\"article\" \/>\n<meta property=\"og:title\" content=\"Impressum | Ancientskin\" \/>\n<meta property=\"og:description\" content=\"ANCIENTSKIN: Nordic Tattoo Studio in V\u00e4stra G\u00f6taland, Sweden and Germany. Nordic Art rooted in nordic culture, ritual, symbolism &amp; ancient tradition | Handpoke &amp; Machine Tattoos.\" \/>\n<meta property=\"og:url\" content=\"https:\/\/ancientskin.com\/en\/impressum\/\" \/>\n<meta property=\"og:site_name\" content=\"Ancientskin\" \/>\n<meta property=\"article:publisher\" content=\"https:\/\/facebook.com\/ancientskin.tattoo\" \/>\n<meta property=\"article:modified_time\" content=\"2024-05-14T16:54:54+00:00\" \/>\n<meta property=\"og:image\" content=\"https:\/\/ancientskin.com\/wp-content\/uploads\/2024\/02\/Ancientskin-2023_01-scaled.webp\" \/>\n\t<meta property=\"og:image:width\" content=\"2560\" \/>\n\t<meta property=\"og:image:height\" content=\"2560\" \/>\n\t<meta property=\"og:image:type\" content=\"image\/webp\" \/>\n<meta name=\"twitter:card\" content=\"summary_large_image\" \/>\n<meta name=\"twitter:label1\" content=\"Estimated reading time\" \/>\n\t<meta name=\"twitter:data1\" content=\"1 minute\" \/>\n<script type=\"application\/ld+json\" class=\"yoast-schema-graph\">{\"@context\":\"https:\\\/\\\/schema.org\",\"@graph\":[{\"@type\":\"WebPage\",\"@id\":\"https:\\\/\\\/ancientskin.com\\\/impressum\\\/\",\"url\":\"https:\\\/\\\/ancientskin.com\\\/impressum\\\/\",\"name\":\"Impressum | Ancientskin\",\"isPartOf\":{\"@id\":\"https:\\\/\\\/ancientskin.com\\\/#website\"},\"datePublished\":\"2020-06-10T13:47:27+00:00\",\"dateModified\":\"2024-05-14T16:54:54+00:00\",\"description\":\"ANCIENTSKIN: Nordic Tattoo Studio in V\u00e4stra G\u00f6taland, Sweden and Germany. Nordic Art rooted in nordic culture, ritual, symbolism & ancient tradition | Handpoke & Machine Tattoos.\",\"breadcrumb\":{\"@id\":\"https:\\\/\\\/ancientskin.com\\\/impressum\\\/#breadcrumb\"},\"inLanguage\":\"en-GB\",\"potentialAction\":[{\"@type\":\"ReadAction\",\"target\":[\"https:\\\/\\\/ancientskin.com\\\/impressum\\\/\"]}]},{\"@type\":\"BreadcrumbList\",\"@id\":\"https:\\\/\\\/ancientskin.com\\\/impressum\\\/#breadcrumb\",\"itemListElement\":[{\"@type\":\"ListItem\",\"position\":1,\"name\":\"Ancientskin\",\"item\":\"https:\\\/\\\/ancientskin.com\\\/\"},{\"@type\":\"ListItem\",\"position\":2,\"name\":\"Impressum\"}]},{\"@type\":\"WebSite\",\"@id\":\"https:\\\/\\\/ancientskin.com\\\/#website\",\"url\":\"https:\\\/\\\/ancientskin.com\\\/\",\"name\":\"Ancientskin\",\"description\":\"Nordic Tattoo Sweden and Germany\",\"publisher\":{\"@id\":\"https:\\\/\\\/ancientskin.com\\\/#organization\"},\"alternateName\":\"Nordic Tattoo Sweden and Germany\",\"potentialAction\":[{\"@type\":\"SearchAction\",\"target\":{\"@type\":\"EntryPoint\",\"urlTemplate\":\"https:\\\/\\\/ancientskin.com\\\/?s={search_term_string}\"},\"query-input\":{\"@type\":\"PropertyValueSpecification\",\"valueRequired\":true,\"valueName\":\"search_term_string\"}}],\"inLanguage\":\"en-GB\"},{\"@type\":\"Organization\",\"@id\":\"https:\\\/\\\/ancientskin.com\\\/#organization\",\"name\":\"Ancientskin - Nordic Tattoo Sweden and Germany\",\"alternateName\":\"Nordic Tattoo Sweden and Germany\",\"url\":\"https:\\\/\\\/ancientskin.com\\\/\",\"logo\":{\"@type\":\"ImageObject\",\"inLanguage\":\"en-GB\",\"@id\":\"https:\\\/\\\/ancientskin.com\\\/#\\\/schema\\\/logo\\\/image\\\/\",\"url\":\"https:\\\/\\\/ancientskin.com\\\/wp-content\\\/uploads\\\/2020\\\/05\\\/ancientskin.png\",\"contentUrl\":\"https:\\\/\\\/ancientskin.com\\\/wp-content\\\/uploads\\\/2020\\\/05\\\/ancientskin.png\",\"width\":106,\"height\":122,\"caption\":\"Ancientskin - Nordic Tattoo Sweden and Germany\"},\"image\":{\"@id\":\"https:\\\/\\\/ancientskin.com\\\/#\\\/schema\\\/logo\\\/image\\\/\"},\"sameAs\":[\"https:\\\/\\\/facebook.com\\\/ancientskin.tattoo\",\"https:\\\/\\\/instagram.com\\\/ancientskin.tattoo\",\"https:\\\/\\\/www.pinterest.de\\\/ancientskin\",\"https:\\\/\\\/www.youtube.com\\\/@ancientskin.tattoo\"]}]}<\/script>\n<!-- \/ Yoast SEO plugin. -->","yoast_head_json":{"title":"Impressum | Ancientskin","description":"ANCIENTSKIN: Nordic Tattoo Studio in V\u00e4stra G\u00f6taland, Sweden and Germany. Nordic Art rooted in nordic culture, ritual, symbolism & ancient tradition | Handpoke & Machine Tattoos.","robots":{"index":"index","follow":"follow","max-snippet":"max-snippet:-1","max-image-preview":"max-image-preview:large","max-video-preview":"max-video-preview:-1"},"canonical":"https:\/\/ancientskin.com\/en\/impressum\/","og_locale":"en_GB","og_type":"article","og_title":"Impressum | Ancientskin","og_description":"ANCIENTSKIN: Nordic Tattoo Studio in V\u00e4stra G\u00f6taland, Sweden and Germany. Nordic Art rooted in nordic culture, ritual, symbolism & ancient tradition | Handpoke & Machine Tattoos.","og_url":"https:\/\/ancientskin.com\/en\/impressum\/","og_site_name":"Ancientskin","article_publisher":"https:\/\/facebook.com\/ancientskin.tattoo","article_modified_time":"2024-05-14T16:54:54+00:00","og_image":[{"width":2560,"height":2560,"url":"https:\/\/ancientskin.com\/wp-content\/uploads\/2024\/02\/Ancientskin-2023_01-scaled.webp","type":"image\/webp"}],"twitter_card":"summary_large_image","twitter_misc":{"Estimated reading time":"1 minute"},"schema":{"@context":"https:\/\/schema.org","@graph":[{"@type":"WebPage","@id":"https:\/\/ancientskin.com\/impressum\/","url":"https:\/\/ancientskin.com\/impressum\/","name":"Impressum | Ancientskin","isPartOf":{"@id":"https:\/\/ancientskin.com\/#website"},"datePublished":"2020-06-10T13:47:27+00:00","dateModified":"2024-05-14T16:54:54+00:00","description":"ANCIENTSKIN: Nordic Tattoo Studio in V\u00e4stra G\u00f6taland, Sweden and Germany. Nordic Art rooted in nordic culture, ritual, symbolism & ancient tradition | Handpoke & Machine Tattoos.","breadcrumb":{"@id":"https:\/\/ancientskin.com\/impressum\/#breadcrumb"},"inLanguage":"en-GB","potentialAction":[{"@type":"ReadAction","target":["https:\/\/ancientskin.com\/impressum\/"]}]},{"@type":"BreadcrumbList","@id":"https:\/\/ancientskin.com\/impressum\/#breadcrumb","itemListElement":[{"@type":"ListItem","position":1,"name":"Ancientskin","item":"https:\/\/ancientskin.com\/"},{"@type":"ListItem","position":2,"name":"Impressum"}]},{"@type":"WebSite","@id":"https:\/\/ancientskin.com\/#website","url":"https:\/\/ancientskin.com\/","name":"Ancientskin","description":"Nordic Tattoo Sweden and Germany","publisher":{"@id":"https:\/\/ancientskin.com\/#organization"},"alternateName":"Nordic Tattoo Sweden and Germany","potentialAction":[{"@type":"SearchAction","target":{"@type":"EntryPoint","urlTemplate":"https:\/\/ancientskin.com\/?s={search_term_string}"},"query-input":{"@type":"PropertyValueSpecification","valueRequired":true,"valueName":"search_term_string"}}],"inLanguage":"en-GB"},{"@type":"Organization","@id":"https:\/\/ancientskin.com\/#organization","name":"Ancientskin - Nordic Tattoo Sweden and Germany","alternateName":"Nordic Tattoo Sweden and Germany","url":"https:\/\/ancientskin.com\/","logo":{"@type":"ImageObject","inLanguage":"en-GB","@id":"https:\/\/ancientskin.com\/#\/schema\/logo\/image\/","url":"https:\/\/ancientskin.com\/wp-content\/uploads\/2020\/05\/ancientskin.png","contentUrl":"https:\/\/ancientskin.com\/wp-content\/uploads\/2020\/05\/ancientskin.png","width":106,"height":122,"caption":"Ancientskin - Nordic Tattoo Sweden and Germany"},"image":{"@id":"https:\/\/ancientskin.com\/#\/schema\/logo\/image\/"},"sameAs":["https:\/\/facebook.com\/ancientskin.tattoo","https:\/\/instagram.com\/ancientskin.tattoo","https:\/\/www.pinterest.de\/ancientskin","https:\/\/www.youtube.com\/@ancientskin.tattoo"]}]}},"_links":{"self":[{"href":"https:\/\/ancientskin.com\/en\/wp-json\/wp\/v2\/pages\/3353","targetHints":{"allow":["GET"]}}],"collection":[{"href":"https:\/\/ancientskin.com\/en\/wp-json\/wp\/v2\/pages"}],"about":[{"href":"https:\/\/ancientskin.com\/en\/wp-json\/wp\/v2\/types\/page"}],"author":[{"embeddable":true,"href":"https:\/\/ancientskin.com\/en\/wp-json\/wp\/v2\/users\/1"}],"replies":[{"embeddable":true,"href":"https:\/\/ancientskin.com\/en\/wp-json\/wp\/v2\/comments?post=3353"}],"version-history":[{"count":0,"href":"https:\/\/ancientskin.com\/en\/wp-json\/wp\/v2\/pages\/3353\/revisions"}],"wp:attachment":[{"href":"https:\/\/ancientskin.com\/en\/wp-json\/wp\/v2\/media?parent=3353"}],"curies":[{"name":"wp","href":"https:\/\/api.w.org\/{rel}","templated":true}]}}